{"id":258,"date":"2020-04-07T18:22:50","date_gmt":"2020-04-07T16:22:50","guid":{"rendered":"http:\/\/dejateorientar.com\/?page_id=258"},"modified":"2020-05-08T20:40:32","modified_gmt":"2020-05-08T18:40:32","slug":"el-centro-en-gandia","status":"publish","type":"page","link":"https:\/\/dejateorientar.com\/","title":{"rendered":"El centro en Gand\u00eda"},"content":{"rendered":"\n<p>El centro d\u00e9jate orientar es un centro psicopedag\u00f3gico donde la atenci\u00f3n se focaliza  en orientar y dotar de estrategias y conocimientos a j\u00f3venes y adultos que deseen encontrar su vocaci\u00f3n laboral o dar cambios en sus carreras profesionales . Entendemos que la orientaci\u00f3n ha de basarse en \u00abun proceso de acompa\u00f1amiento\u00bb  con la finalidad de ayudar a superar obst\u00e1culos y frustraciones que frenen  el proyecto de vida.<\/p>\n\n\n\n<h2 class=\"wp-block-heading\"> Ayudamos a:<\/h2>\n\n\n\n<p><\/p>\n\n\n\n<p>Descubrir tus habilidades y focalizarlas en objetivos.<\/p>\n\n\n\n<p>Gestionar el uso de las nuevas tecnolog\u00edas.<\/p>\n\n\n\n<p>Crear  trucos mentales que te ayuden a enfocarte, relajarte y replantear estrategias.<\/p>\n\n\n\n<p>Orientar acad\u00e9micamente: frustraci\u00f3n, apat\u00eda, motivaci\u00f3n&#8230;<\/p>\n\n\n\n<p>Orientar laboralmente: desarrollo de tu carrera profesional. <\/p>\n\n\n\n<figure class=\"wp-block-table\"><table><tbody><tr><td><\/td><\/tr><\/tbody><\/table><\/figure>\n\n\n\n<p> <\/p>\n\n\n\n<p><\/p>\n","protected":false},"excerpt":{"rendered":"<p>El centro d\u00e9jate orientar es un centro psicopedag\u00f3gico donde la atenci\u00f3n se focaliza en orientar y dotar de estrategias y conocimientos a j\u00f3venes y adultos que deseen encontrar su vocaci\u00f3n laboral o dar cambios en sus carreras profesionales . Entendemos que la orientaci\u00f3n ha de basarse en \u00abun proceso de acompa\u00f1amiento\u00bb con la finalidad de &hellip; <\/p>\n<p class=\"link-more\"><a href=\"https:\/\/dejateorientar.com\/\" class=\"more-link\">Continuar leyendo<span class=\"screen-reader-text\"> \u00abEl centro en Gand\u00eda\u00bb<\/span><\/a><\/p>\n","protected":false},"author":1,"featured_media":0,"parent":0,"menu_order":0,"comment_status":"closed","ping_status":"closed","template":"","meta":{"footnotes":""},"class_list":["post-258","page","type-page","status-publish","hentry"],"_links":{"self":[{"href":"https:\/\/dejateorientar.com\/index.php?rest_route=\/wp\/v2\/pages\/258","targetHints":{"allow":["GET"]}}],"collection":[{"href":"https:\/\/dejateorientar.com\/index.php?rest_route=\/wp\/v2\/pages"}],"about":[{"href":"https:\/\/dejateorientar.com\/index.php?rest_route=\/wp\/v2\/types\/page"}],"author":[{"embeddable":true,"href":"https:\/\/dejateorientar.com\/index.php?rest_route=\/wp\/v2\/users\/1"}],"replies":[{"embeddable":true,"href":"https:\/\/dejateorientar.com\/index.php?rest_route=%2Fwp%2Fv2%2Fcomments&post=258"}],"version-history":[{"count":13,"href":"https:\/\/dejateorientar.com\/index.php?rest_route=\/wp\/v2\/pages\/258\/revisions"}],"predecessor-version":[{"id":299,"href":"https:\/\/dejateorientar.com\/index.php?rest_route=\/wp\/v2\/pages\/258\/revisions\/299"}],"wp:attachment":[{"href":"https:\/\/dejateorientar.com\/index.php?rest_route=%2Fwp%2Fv2%2Fmedia&parent=258"}],"curies":[{"name":"wp","href":"https:\/\/api.w.org\/{rel}","templated":true}]}}